{"id":3,"date":"2024-03-08T12:12:15","date_gmt":"2024-03-08T15:12:15","guid":{"rendered":"https:\/\/www.karyby.com.br\/?page_id=3"},"modified":"2024-04-02T10:29:49","modified_gmt":"2024-04-02T13:29:49","slug":"politica-de-privacidade","status":"publish","type":"page","link":"https:\/\/www.karyby.com.br\/en\/politica-de-privacidade\/","title":{"rendered":"Privacy Policy"},"content":{"rendered":"<p>1 \u2013 Defini\u00e7\u00f5es<\/p>\n\n\n\n<p>Para fins desta Pol\u00edtica de Privacidade, aplicam-se as seguintes defini\u00e7\u00f5es:<\/p>\n\n\n\n<p>Cookies: Arquivos enviados pelo servidor do Portal para o computador dos Visitantes, com a finalidade de identificar o computador e obter dados de acesso, como p\u00e1ginas navegadas ou links clicados, permitindo, desta forma, personalizar a navega\u00e7\u00e3o dos Visitantes no Portal, de acordo com o seu perfil.<\/p>\n\n\n\n<p>KARYBY: Denomina\u00e7\u00e3o utilizada neste documento para identificar a controladora e propriet\u00e1ria deste Portal, CALCADOS KARYBY LTDA, inscrita sob o CNPJ n\u00ba 89.615.116\/0001-49, com sede na cidade de TR\u00caS COROAS-RS , RUA TORRES, 10, INDUSTRIAL.<\/p>\n\n\n\n<p>IP: Abreviatura de Internet Protocol. \u00c9 um conjunto de n\u00fameros que identifica o computador dos Visitantes na Internet.<\/p>\n\n\n\n<p>Logs: Registros de atividades dos Visitantes efetuadas no Portal.<\/p>\n\n\n\n<p>Portal: Designa o endere\u00e7o eletr\u00f4nico https:\/\/karyby.com.br\/ e seus subdom\u00ednios.<\/p>\n\n\n\n<p>Visitante: Qualquer pessoa que navegar pelo Portal.<\/p>\n\n\n\n<p>Usu\u00e1rio: Visitantes que estiverem autenticados no sistema do Portal.<\/p>\n\n\n\n<p>Web beacons: Linhas de programa\u00e7\u00e3o em p\u00e1ginas HTML que tem como finalidade obter detalhes da navega\u00e7\u00e3o do usu\u00e1rio, a exemplo de quanto tempo ficou com o site aberto, qual endere\u00e7o visitado em seguida, dentre outros.<\/p>\n\n\n\n<p>2 \u2013 Obten\u00e7\u00e3o dos dados e informa\u00e7\u00f5es<\/p>\n\n\n\n<p>2.1 \u2013 Os dados e informa\u00e7\u00f5es ser\u00e3o obtidos quando os Visitantes interagirem com as diversas funcionalidades existentes no Portal, fornecendo as informa\u00e7\u00f5es voluntariamente, como na se\u00e7\u00e3o de \u201cContato\u201d, por exemplo.<\/p>\n\n\n\n<p>3 \u2013 Armazenamento dos Dados e Informa\u00e7\u00f5es<\/p>\n\n\n\n<p>3.2 \u2013 Todos os dados e informa\u00e7\u00f5es coletados dos Visitantes ser\u00e3o incorporados ao banco de dados do Portal, sendo sua respons\u00e1vel a KARYBY.<\/p>\n\n\n\n<p>3.2 \u2013 Os dados e informa\u00e7\u00f5es coletados estar\u00e3o armazenados em ambiente seguro, observado o estado da t\u00e9cnica dispon\u00edvel, e somente poder\u00e3o ser acessadas por pessoas qualificadas e autorizadas pela KARYBY.<\/p>\n\n\n\n<p>3.3 \u2013 Considerando que nenhum sistema de seguran\u00e7a \u00e9 absolutamente seguro, a KARYBY se exime de quaisquer responsabilidades por eventuais danos e\/ou preju\u00edzos decorrentes de falhas, v\u00edrus ou invas\u00f5es do banco de dados do Portal, salvo nos casos de dolo ou culpa pela mesma.<\/p>\n\n\n\n<p>3.4 \u2013 A KARYBY coleta somente as informa\u00e7\u00f5es indispens\u00e1veis \u00e0 viabiliza\u00e7\u00e3o de seu neg\u00f3cio, qual seja, NO RAMO DE IND\u00daSTRIAS CAL\u00c7ADISTAS.<\/p>\n\n\n\n<p>4 \u2013 Uso dos Dados e Informa\u00e7\u00f5es<\/p>\n\n\n\n<p>4.1 \u2013 Os dados e informa\u00e7\u00f5es coletados dos Visitantes poder\u00e3o ser utilizados para as seguintes finalidades:<\/p>\n\n\n\n<p>a) Responder a eventuais d\u00favidas e solicita\u00e7\u00f5es dos Visitantes;<\/p>\n\n\n\n<p>b) Cumprimento de ordem legal ou judicial;<\/p>\n\n\n\n<p>c) Constituir, defender ou exercer regularmente direitos em \u00e2mbito judicial ou administrativo;<\/p>\n\n\n\n<p>d) Elaborar estat\u00edsticas gerais, para identifica\u00e7\u00e3o do perfil dos Visitantes e desenvolvimento de campanhas da KARYBY, mas sem realizar identifica\u00e7\u00e3o pessoal;<\/p>\n\n\n\n<p>e) Garantir a seguran\u00e7a dos Visitantes;<\/p>\n\n\n\n<p>f) Manter atualizados os cadastros dos Visitantes para fins de contato por telefone, correio eletr\u00f4nico, SMS, mala direta ou por outros meios de comunica\u00e7\u00e3o;<\/p>\n\n\n\n<p>g) Informar a respeito de novidades, promo\u00e7\u00f5es e eventos da KARYBY e de seus parceiros comerciais.<\/p>\n\n\n\n<p>4.2 \u2013 A base de dados coletados pelo Portal KARYBY n\u00e3o ser\u00e1 compartilhada, vendida, cedida, transferida, informada ou alugada a terceiros.<\/p>\n\n\n\n<p>4.3 \u2013 Os dados adquiridos somente poder\u00e3o ser acessados por profissionais devidamente autorizados pela KARYBY, respeitando a necessidade a que ser\u00e3o submetidos, a relev\u00e2ncia para os objetivos do Portal e aos interesses dos usu\u00e1rios, al\u00e9m de preservar a privacidade dos usu\u00e1rios.<\/p>\n\n\n\n<p>4.4 \u2013 Caso o Usu\u00e1rio deixe de utilizar os servi\u00e7os oferecidos pelo Portal, a KARYBY poder\u00e1, para fins de auditoria e preserva\u00e7\u00e3o de direitos, permanecer com o registro de seus dados e informa\u00e7\u00f5es, pelo per\u00edodo m\u00e1ximo de 5 (cinco) anos, com a faculdade de exclu\u00ed-los definitivamente segundo sua conveni\u00eancia.<\/p>\n\n\n\n<p>5 \u2013 Cookies<\/p>\n\n\n\n<p>5.1 \u2013 O Portal poder\u00e1 fazer o uso de cookies, cabendo aos Visitantes configurarem o seu navegador de Internet, caso deseje bloque\u00e1-los. Nesta hip\u00f3tese, algumas funcionalidades do Portal poder\u00e3o ser limitadas.<\/p>\n\n\n\n<p>5.2. Tamb\u00e9m, o Portal poder\u00e1 utilizar web beacons para coletar dados de comportamento dos visitantes das p\u00e1ginas, onde a instala\u00e7\u00e3o de arquivos nos equipamentos dos visitantes n\u00e3o \u00e9 necess\u00e1ria.<\/p>\n\n\n\n<p>5.3. Outras tecnologias poder\u00e3o ser utilizadas para a obten\u00e7\u00e3o de dados de navega\u00e7\u00e3o pelo usu\u00e1rio, no entanto, respeitar\u00e3o sempre aos termos desta pol\u00edtica e as op\u00e7\u00f5es do usu\u00e1rio a respeito de sua coleta e armazenamento.<\/p>\n\n\n\n<p>6 \u2013 Disposi\u00e7\u00f5es Gerais<\/p>\n\n\n\n<p>6.1 \u2013 As disposi\u00e7\u00f5es constantes desta Pol\u00edtica de Privacidade poder\u00e3o ser atualizadas ou modificadas a qualquer momento, cabendo aos Visitantes verific\u00e1-la sempre que efetuar o acesso ao Portal.<\/p>\n\n\n\n<p>6.2 \u2013 Os Visitantes dever\u00e3o entrar em contato em caso de qualquer d\u00favida com rela\u00e7\u00e3o \u00e0s disposi\u00e7\u00f5es constantes desta Pol\u00edtica de Privacidade atrav\u00e9s da Se\u00e7\u00e3o de \u201cContato\u201d.<\/p>\n\n\n\n<p>6.3 \u2013 O usu\u00e1rio ao colocar informa\u00e7\u00f5es em uma \u00e1rea p\u00fablica do Portal KARYBY est\u00e1 ciente de que elas estar\u00e3o dispon\u00edveis a outros Visitantes e Usu\u00e1rios do site.<\/p>\n\n\n\n<p>6.4 \u2013 A KARYBY n\u00e3o pode controlar o que fa\u00e7am os Visitantes e Usu\u00e1rios da informa\u00e7\u00e3o publicada no site. Lembre-se de que qualquer informa\u00e7\u00e3o divulgada nestas \u00e1reas pode tornar-se informa\u00e7\u00e3o p\u00fablica e que, portanto, \u00e9 importante cautela e bom senso ao publicar qualquer conte\u00fado.<\/p>\n\n\n\n<p>7 \u2013 Lei Aplic\u00e1vel e Jurisdi\u00e7\u00e3o<\/p>\n\n\n\n<p>7.1 \u2013 A presente Pol\u00edtica de Privacidade ser\u00e1 interpretada segundo a legisla\u00e7\u00e3o brasileira, no idioma portugu\u00eas, sendo eleito o Foro da Comarca de TR\u00caS COROAS-RS para dirimir qualquer lit\u00edgio, quest\u00e3o ou d\u00favida superveniente, com expressa ren\u00fancia de qualquer outro, por mais privilegiado que seja.<\/p>","protected":false},"excerpt":{"rendered":"<p>1 \u2013 Defini\u00e7\u00f5es Para fins desta Pol\u00edtica de Privacidade, aplicam-se as seguintes defini\u00e7\u00f5es: Cookies: Arquivos enviados pelo servidor do Portal para o computador dos Visitantes, com a finalidade de identificar [&hellip;]<\/p>","protected":false},"author":1,"featured_media":0,"parent":0,"menu_order":0,"comment_status":"closed","ping_status":"open","template":"","meta":{"_et_pb_use_builder":"","_et_pb_old_content":"","_et_gb_content_width":"","footnotes":""},"class_list":["post-3","page","type-page","status-publish","hentry"],"yoast_head":"<!-- This site is optimized with the Yoast SEO plugin v24.6 - https:\/\/yoast.com\/wordpress\/plugins\/seo\/ -->\n<title>Pol\u00edtica de Privacidade - Cal\u00e7ados Karyby<\/title>\n<meta name=\"robots\" content=\"index, follow, max-snippet:-1, max-image-preview:large, max-video-preview:-1\" \/>\n<link rel=\"canonical\" href=\"https:\/\/www.karyby.com.br\/en\/politica-de-privacidade\/\" \/>\n<meta property=\"og:locale\" content=\"en_US\" \/>\n<meta property=\"og:type\" content=\"article\" \/>\n<meta property=\"og:title\" content=\"Pol\u00edtica de Privacidade - Cal\u00e7ados Karyby\" \/>\n<meta property=\"og:description\" content=\"1 \u2013 Defini\u00e7\u00f5es Para fins desta Pol\u00edtica de Privacidade, aplicam-se as seguintes defini\u00e7\u00f5es: Cookies: Arquivos enviados pelo servidor do Portal para o computador dos Visitantes, com a finalidade de identificar [&hellip;]\" \/>\n<meta property=\"og:url\" content=\"https:\/\/www.karyby.com.br\/en\/politica-de-privacidade\/\" \/>\n<meta property=\"og:site_name\" content=\"Cal\u00e7ados Karyby\" \/>\n<meta property=\"article:modified_time\" content=\"2024-04-02T13:29:49+00:00\" \/>\n<meta name=\"twitter:card\" content=\"summary_large_image\" \/>\n<meta name=\"twitter:label1\" content=\"Est. reading time\" \/>\n\t<meta name=\"twitter:data1\" content=\"5 minutes\" \/>\n<script type=\"application\/ld+json\" class=\"yoast-schema-graph\">{\"@context\":\"https:\/\/schema.org\",\"@graph\":[{\"@type\":\"WebPage\",\"@id\":\"https:\/\/www.karyby.com.br\/politica-de-privacidade\/\",\"url\":\"https:\/\/www.karyby.com.br\/politica-de-privacidade\/\",\"name\":\"Pol\u00edtica de Privacidade - Cal\u00e7ados Karyby\",\"isPartOf\":{\"@id\":\"https:\/\/www.karyby.com.br\/#website\"},\"datePublished\":\"2024-03-08T15:12:15+00:00\",\"dateModified\":\"2024-04-02T13:29:49+00:00\",\"breadcrumb\":{\"@id\":\"https:\/\/www.karyby.com.br\/politica-de-privacidade\/#breadcrumb\"},\"inLanguage\":\"en-US\",\"potentialAction\":[{\"@type\":\"ReadAction\",\"target\":[\"https:\/\/www.karyby.com.br\/politica-de-privacidade\/\"]}]},{\"@type\":\"BreadcrumbList\",\"@id\":\"https:\/\/www.karyby.com.br\/politica-de-privacidade\/#breadcrumb\",\"itemListElement\":[{\"@type\":\"ListItem\",\"position\":1,\"name\":\"Home\",\"item\":\"https:\/\/www.karyby.com.br\/\"},{\"@type\":\"ListItem\",\"position\":2,\"name\":\"Pol\u00edtica de Privacidade\"}]},{\"@type\":\"WebSite\",\"@id\":\"https:\/\/www.karyby.com.br\/#website\",\"url\":\"https:\/\/www.karyby.com.br\/\",\"name\":\"Cal\u00e7ados Karyby\",\"description\":\"\",\"potentialAction\":[{\"@type\":\"SearchAction\",\"target\":{\"@type\":\"EntryPoint\",\"urlTemplate\":\"https:\/\/www.karyby.com.br\/?s={search_term_string}\"},\"query-input\":{\"@type\":\"PropertyValueSpecification\",\"valueRequired\":true,\"valueName\":\"search_term_string\"}}],\"inLanguage\":\"en-US\"}]}<\/script>\n<!-- \/ Yoast SEO plugin. -->","yoast_head_json":{"title":"Pol\u00edtica de Privacidade - Cal\u00e7ados Karyby","robots":{"index":"index","follow":"follow","max-snippet":"max-snippet:-1","max-image-preview":"max-image-preview:large","max-video-preview":"max-video-preview:-1"},"canonical":"https:\/\/www.karyby.com.br\/en\/politica-de-privacidade\/","og_locale":"en_US","og_type":"article","og_title":"Pol\u00edtica de Privacidade - Cal\u00e7ados Karyby","og_description":"1 \u2013 Defini\u00e7\u00f5es Para fins desta Pol\u00edtica de Privacidade, aplicam-se as seguintes defini\u00e7\u00f5es: Cookies: Arquivos enviados pelo servidor do Portal para o computador dos Visitantes, com a finalidade de identificar [&hellip;]","og_url":"https:\/\/www.karyby.com.br\/en\/politica-de-privacidade\/","og_site_name":"Cal\u00e7ados Karyby","article_modified_time":"2024-04-02T13:29:49+00:00","twitter_card":"summary_large_image","twitter_misc":{"Est. reading time":"5 minutes"},"schema":{"@context":"https:\/\/schema.org","@graph":[{"@type":"WebPage","@id":"https:\/\/www.karyby.com.br\/politica-de-privacidade\/","url":"https:\/\/www.karyby.com.br\/politica-de-privacidade\/","name":"Pol\u00edtica de Privacidade - Cal\u00e7ados Karyby","isPartOf":{"@id":"https:\/\/www.karyby.com.br\/#website"},"datePublished":"2024-03-08T15:12:15+00:00","dateModified":"2024-04-02T13:29:49+00:00","breadcrumb":{"@id":"https:\/\/www.karyby.com.br\/politica-de-privacidade\/#breadcrumb"},"inLanguage":"en-US","potentialAction":[{"@type":"ReadAction","target":["https:\/\/www.karyby.com.br\/politica-de-privacidade\/"]}]},{"@type":"BreadcrumbList","@id":"https:\/\/www.karyby.com.br\/politica-de-privacidade\/#breadcrumb","itemListElement":[{"@type":"ListItem","position":1,"name":"Home","item":"https:\/\/www.karyby.com.br\/"},{"@type":"ListItem","position":2,"name":"Pol\u00edtica de Privacidade"}]},{"@type":"WebSite","@id":"https:\/\/www.karyby.com.br\/#website","url":"https:\/\/www.karyby.com.br\/","name":"Cal\u00e7ados Karyby","description":"","potentialAction":[{"@type":"SearchAction","target":{"@type":"EntryPoint","urlTemplate":"https:\/\/www.karyby.com.br\/?s={search_term_string}"},"query-input":{"@type":"PropertyValueSpecification","valueRequired":true,"valueName":"search_term_string"}}],"inLanguage":"en-US"}]}},"_links":{"self":[{"href":"https:\/\/www.karyby.com.br\/en\/wp-json\/wp\/v2\/pages\/3","targetHints":{"allow":["GET"]}}],"collection":[{"href":"https:\/\/www.karyby.com.br\/en\/wp-json\/wp\/v2\/pages"}],"about":[{"href":"https:\/\/www.karyby.com.br\/en\/wp-json\/wp\/v2\/types\/page"}],"author":[{"embeddable":true,"href":"https:\/\/www.karyby.com.br\/en\/wp-json\/wp\/v2\/users\/1"}],"replies":[{"embeddable":true,"href":"https:\/\/www.karyby.com.br\/en\/wp-json\/wp\/v2\/comments?post=3"}],"version-history":[{"count":1,"href":"https:\/\/www.karyby.com.br\/en\/wp-json\/wp\/v2\/pages\/3\/revisions"}],"predecessor-version":[{"id":25957325,"href":"https:\/\/www.karyby.com.br\/en\/wp-json\/wp\/v2\/pages\/3\/revisions\/25957325"}],"wp:attachment":[{"href":"https:\/\/www.karyby.com.br\/en\/wp-json\/wp\/v2\/media?parent=3"}],"curies":[{"name":"wp","href":"https:\/\/api.w.org\/{rel}","templated":true}]}}